{"id":37,"date":"2021-05-30T12:07:17","date_gmt":"2021-05-30T10:07:17","guid":{"rendered":"http:\/\/www.copacabana.re\/wp\/reservations\/"},"modified":"2022-01-15T16:04:23","modified_gmt":"2022-01-15T15:04:23","slug":"reservations","status":"publish","type":"page","link":"https:\/\/www.copacabana.re\/fr\/reservations\/","title":{"rendered":"Reservations"},"content":{"rendered":"\n\t\t<div data-scrolling-effect='parallax' data-focal-point='{\"x\":0.5,\"y\":0.5}' data-final-focal-point='{\"x\":0.5,\"y\":0.5}' data-initial-background-scale=\"1\"data-final-background-scale=\"1\" data-smooth-start=\"1\" data-smooth-end=\"1\" \t\t\tclass=\"novablocks-hero novablocks-doppler alignfull novablocks-u-valign-center novablocks-u-halign-center novablocks-u-spacing-large novablocks-u-content-width-large novablocks-u-background novablocks-u-background-dark scrolling-effect-parallax\"\n\t\t\tstyle=\"--novablocks-hero-text-color: #FFF;min-height: calc(50* var(--novablocks-1vh, 1vh)); \"\n\t\t>\n\n\t\t\t\n            <div class=\"novablocks-mask\">\n\t            <img loading=\"lazy\" decoding=\"async\" width=\"960\" height=\"540\" src=\"https:\/\/www.copacabana.re\/wp\/wp-content\/uploads\/Copacabana-terrasse-ombragee.jpg\" class=\"novablocks-parallax\" alt=\"\" style=\"object-position: 50% 50%;opacity: 0.5; \" srcset=\"https:\/\/www.copacabana.re\/wp\/wp-content\/uploads\/Copacabana-terrasse-ombragee.jpg 960w, https:\/\/www.copacabana.re\/wp\/wp-content\/uploads\/Copacabana-terrasse-ombragee-300x169.jpg 300w, https:\/\/www.copacabana.re\/wp\/wp-content\/uploads\/Copacabana-terrasse-ombragee-768x432.jpg 768w, https:\/\/www.copacabana.re\/wp\/wp-content\/uploads\/Copacabana-terrasse-ombragee-16x9.jpg 16w, https:\/\/www.copacabana.re\/wp\/wp-content\/uploads\/Copacabana-terrasse-ombragee-250x141.jpg 250w, https:\/\/www.copacabana.re\/wp\/wp-content\/uploads\/Copacabana-terrasse-ombragee-480x270.jpg 480w\" sizes=\"(max-width: 960px) 100vw, 960px\" \/>\n\t\t\t\t            <\/div>\n            <div class=\"novablocks-hero__foreground novablocks-foreground novablocks-u-content-padding novablocks-u-content-align\" style=\"min-height: calc(50 * var(--novablocks-1vh, 1vh)); \">\n                <div class=\"novablocks-hero__inner-container novablocks-u-content-width\" style=\"\">\n\t\t\t\t\t\n\n<h1 class=\"wp-block-novablocks-headline c-headline has-text-align-center has-larger-font-size\"><span class=\"c-headline__secondary\">Copacabana<\/span> <span class=\"c-headline__primary\">R\u00e9servations<\/span><\/h1>\n\n\n\n<h5 class=\"has-tiny-font-size wp-block-heading\">R\u00e9servez une <span class=\"has-inline-color has-sm-color-primary-color\">table<\/span> ou un <span class=\"has-inline-color has-sm-color-primary-color\">transat<\/span> en ligne <\/h5>\n\n                <\/div>\n\t\t\t\t            <\/div>\n\n\t\t\t\n        <\/div>\n\n\t\t\n\n\n<div class=\"wp-block-columns alignwide is-layout-flex wp-container-core-columns-is-layout-3 wp-block-columns-is-layout-flex\">\n<div class=\"wp-block-column is-layout-flow wp-block-column-is-layout-flow\" style=\"flex-basis:60%\">\n<p class=\"is-style-default\">Notre restaurant vous accueille tous les jours \u00e0 l&rsquo;exception du mercredi. <\/p>\n\n\n\n<p class=\"is-style-default\">En salle, en terrasse ou sur la plage, pour vos petits-d\u00e9jeuners, vos brunchs, vos d\u00e9jeuners ou vos diners, sont servis selon les horaires de service suivants :<\/p>\n\n\n\n<p><\/p>\n\n\n\n<div class=\"wp-block-columns is-layout-flex wp-container-core-columns-is-layout-1 wp-block-columns-is-layout-flex\">\n<div class=\"wp-block-column is-layout-flow wp-block-column-is-layout-flow\">\n<h3 class=\"has-smaller-font-size wp-block-heading\">Petit-d\u00e9jeuner<\/h3>\n\n\n\n<p>A partir de 8h, tous les jours de la semaine sauf les mercredis<\/p>\n<\/div>\n\n\n\n<div class=\"wp-block-column is-layout-flow wp-block-column-is-layout-flow\">\n<h3 class=\"has-smaller-font-size wp-block-heading\">D\u00e9jeuner<\/h3>\n\n\n\n<p>De 12h \u00e0 15h \u00e0 l&rsquo;exception du mercredi<\/p>\n<\/div>\n<\/div>\n\n\n\n<div class=\"wp-block-columns is-layout-flex wp-container-core-columns-is-layout-2 wp-block-columns-is-layout-flex\">\n<div class=\"wp-block-column is-layout-flow wp-block-column-is-layout-flow\">\n<h3 class=\"has-smaller-font-size wp-block-heading\">Brunch<\/h3>\n\n\n\n<p>De 8h \u00e0 15h \u00e0 l&rsquo;exception du mercredi.<\/p>\n<\/div>\n\n\n\n<div class=\"wp-block-column is-layout-flow wp-block-column-is-layout-flow\">\n<h3 class=\"has-smaller-font-size wp-block-heading\">D\u00eener<\/h3>\n\n\n\n<p>A partir de 19h les vendredis, samedis et dimanches soir<\/p>\n<\/div>\n<\/div>\n\n\n\n<p class=\"is-style-default\">Notre <strong>bar <\/strong>et la plage (<strong>transats<\/strong>) sont ouverts tous les jours \u00e0 partir de 8h, jusqu&rsquo;\u00e0 la fermeture de l&rsquo;\u00e9tablissement. Notre \u00e9tablissement est <strong>ferm\u00e9 tous les mercredis<\/strong><\/p>\n<\/div>\n\n\n\n<div class=\"wp-block-column is-layout-flow wp-block-column-is-layout-flow\">\n<div class=\"wp-block-media-text alignwide is-image-fill\"><figure class=\"wp-block-media-text__media\" style=\"background-image:url(http:\/\/www.copacabana.re\/wp\/wp-content\/uploads\/copacabana-transats2.jpg);background-position:50% 50%\"><img loading=\"lazy\" decoding=\"async\" width=\"720\" height=\"480\" src=\"http:\/\/www.copacabana.re\/wp\/wp-content\/uploads\/copacabana-transats2.jpg\" alt=\"\" class=\"wp-image-2000 size-full\" srcset=\"https:\/\/www.copacabana.re\/wp\/wp-content\/uploads\/copacabana-transats2.jpg 720w, https:\/\/www.copacabana.re\/wp\/wp-content\/uploads\/copacabana-transats2-300x200.jpg 300w, https:\/\/www.copacabana.re\/wp\/wp-content\/uploads\/copacabana-transats2-16x12.jpg 16w, https:\/\/www.copacabana.re\/wp\/wp-content\/uploads\/copacabana-transats2-250x167.jpg 250w, https:\/\/www.copacabana.re\/wp\/wp-content\/uploads\/copacabana-transats2-480x320.jpg 480w\" sizes=\"(max-width: 720px) 100vw, 720px\" \/><\/figure><div class=\"wp-block-media-text__content\">\n<div class=\"wp-block-buttons is-layout-flex wp-block-buttons-is-layout-flex\">\n<div class=\"wp-block-button is-style-primary\"><a class=\"wp-block-button__link\" href=\"https:\/\/bookings.zenchef.com\/results?rid=355659&amp;pid=1001\" target=\"_blank\" rel=\"noreferrer noopener\">R\u00e9SERVEz<\/a><\/div>\n<\/div>\n\n\n\n<p class=\"has-large-font-size\"><\/p>\n<\/div><\/div>\n\n\n\n<div class=\"wp-block-media-text alignwide is-vertically-aligned-center is-image-fill\"><figure class=\"wp-block-media-text__media\" style=\"background-image:url(http:\/\/www.copacabana.re\/wp\/wp-content\/uploads\/plat-agneau-puree.jpg);background-position:50% 50%\"><img loading=\"lazy\" decoding=\"async\" width=\"853\" height=\"849\" src=\"http:\/\/www.copacabana.re\/wp\/wp-content\/uploads\/plat-agneau-puree.jpg\" alt=\"\" class=\"wp-image-1929 size-full\" srcset=\"https:\/\/www.copacabana.re\/wp\/wp-content\/uploads\/plat-agneau-puree.jpg 853w, https:\/\/www.copacabana.re\/wp\/wp-content\/uploads\/plat-agneau-puree-300x300.jpg 300w, https:\/\/www.copacabana.re\/wp\/wp-content\/uploads\/plat-agneau-puree-150x150.jpg 150w, https:\/\/www.copacabana.re\/wp\/wp-content\/uploads\/plat-agneau-puree-768x764.jpg 768w, https:\/\/www.copacabana.re\/wp\/wp-content\/uploads\/plat-agneau-puree-250x250.jpg 250w, https:\/\/www.copacabana.re\/wp\/wp-content\/uploads\/plat-agneau-puree-480x478.jpg 480w\" sizes=\"(max-width: 853px) 100vw, 853px\" \/><\/figure><div class=\"wp-block-media-text__content\">\n<p class=\"has-large-font-size\"><\/p>\n\n\n\n<div class=\"wp-block-buttons is-layout-flex wp-block-buttons-is-layout-flex\">\n<div class=\"wp-block-button\"><a class=\"wp-block-button__link\" href=\"https:\/\/bookings.zenchef.com\/results?rid=355659&amp;pid=1001\" target=\"_blank\" rel=\"noreferrer noopener\">r\u00e9servez <\/a><\/div>\n<\/div>\n\n\n\n<p class=\"is-style-lead\"><\/p>\n<\/div><\/div>\n\n\n\n<p><\/p>\n<\/div>\n<\/div>\n\n\n\n        <div class=\"novablocks-media novablocks-media has-image-on-the-right is-style-default has-primary-accent-color alignfull\" style=\"--novablocks-block-top-spacing:0;--novablocks-block-bottom-spacing:0;--novablocks-emphasis-top-spacing:1;--novablocks-emphasis-bottom-spacing:1;--emphasis-area:100;--novablocks-media-content-width:50%;--novablocks-media-gutter:calc( 10 * var(--novablocks-spacing) * 5 \/ 100 )\">\n            <div class=\"content-is-moderate novablocks-block block-is-basic\">\n\t            <div class=\"wp-block-group__inner-container\">\n\t\t            <div class=\"wp-block alignwide\">\n\t\t                <div class=\"novablocks-media__layout\">\n\t\t\t\t\t\t\t\t\t\t\t\t\t\t\t<div class=\"novablocks-media__content\">\n\t\t\t\t\t\t\t\t\t<div class=\"novablocks-media__inner-container novablocks-block__content\">\n\t\t\t\t\t\t\t\t\t\t\n\n<h2 class=\"wp-block-novablocks-headline c-headline has-text-align-center has-larger-font-size\"><span class=\"c-headline__secondary\">Soir\u00e9es<\/span> <span class=\"c-headline__primary\">priv\u00e9es<\/span><\/h2>\n\n\n\t\t\t<div class=\"wp-block-separator wp-block-separator is-style-flower is-style-decorative\">\n                \n        <div class=\"c-separator\">\n            <div class=\"c-separator__arrow c-separator__arrow--left\"><\/div>\n            <div class=\"c-separator__line c-separator__line--left\"><\/div>\n            <div class=\"c-separator__symbol\">\n                <span><svg width=\"20\" height=\"12\" viewBox=\"0 0 20 12\" fill=\"none\" xmlns=\"http:\/\/www.w3.org\/2000\/svg\"><path d=\"M.7921 3.7124c.602-1.1238 1.311-1.9933 2.1271-2.6087.816-.6154 1.8194-.9231 3.01-.9231.776 0 1.572.1539 2.388.4615a27.4927 27.4927 0 0 1 2.408.9833c.7759.3478 1.505.6756 2.1873.9833.6823.2943 1.2776.4415 1.786.4415.5752 0 1.1505-.2275 1.7257-.6823.5886-.4682 1.2174-1.2575 1.8863-2.3679l1.4649 2.3077c-.602 1.1237-1.311 1.9933-2.1271 2.6087-.8027.6154-1.806.923-3.01.923-.5218 0-1.0502-.0668-1.5853-.2006a16.5543 16.5543 0 0 1-1.6254-.5418 33.2033 33.2033 0 0 1-1.5853-.6823 36.202 36.202 0 0 0-1.485-.7023c-.4682-.214-.9164-.388-1.3445-.5218-.4147-.1471-.7893-.2207-1.1237-.2207-.5752 0-1.1572.2274-1.7458.6823C3.568 4.107 2.946 4.8896 2.277 6L.792 3.7124zm0 6c.602-1.1238 1.311-1.9933 2.1271-2.6087.816-.6154 1.8194-.9231 3.01-.9231.776 0 1.572.1539 2.388.4615a27.464 27.464 0 0 1 2.408.9833c.7759.3479 1.505.6756 2.1873.9833.6823.2943 1.2776.4415 1.786.4415.5752 0 1.1505-.2275 1.7257-.6823.5886-.4682 1.2174-1.2575 1.8863-2.3679l1.4649 2.3077c-.602 1.1237-1.311 1.9933-2.1271 2.6087-.8027.6154-1.806.9231-3.01.9231-.5218 0-1.0502-.0669-1.5853-.2007a16.5543 16.5543 0 0 1-1.6254-.5418 33.2649 33.2649 0 0 1-1.5853-.6823 36.1751 36.1751 0 0 0-1.485-.7023c-.4682-.214-.9164-.388-1.3445-.5218-.4147-.1471-.7893-.2207-1.1237-.2207-.5752 0-1.1572.2274-1.7458.6823C3.568 10.107 2.946 10.8896 2.277 12L.792 9.7124z\" fill=\"currentColor\"\/><\/svg>\n<\/span>\n            <\/div>\n            <div class=\"c-separator__line c-separator__line--right\"><\/div>\n            <div class=\"c-separator__arrow c-separator__arrow--right\"><\/div>\n        <\/div>\n\t\t\t\t\t<\/div>\n\t\t\n\n\n<p class=\"has-text-align-center\">Pour vos&nbsp;\u00e9v\u00e8nements&nbsp;ou vos soir\u00e9es priv\u00e9es, profitez du cadre id\u00e9al du Copacabana pour&nbsp;organiser des soir\u00e9es de r\u00eave !<\/p>\n\n\n\n<div class=\"wp-block-button aligncenter is-style-text\"><a class=\"wp-block-button__link\" href=\"mailto:reservation@copacabana.re\" target=\"_blank\" rel=\"noreferrer noopener\">Contactez-NOUS<\/a><\/div>\n\n\t\t\t\t\t\t\t\t\t<\/div>\n\t\t\t\t\t\t\t\t<\/div>\n\t\t\t\t\t\t\t\t\t                    <div class=\"novablocks-media__aside\">\n\t\t\t                    <div class=\"novablocks-advanced-gallery\" data-media-position='right' data-upgraded-to-moderate='1' data-container-height='0' data-defaults-generated='1' data-align='full' data-block-style='basic' data-content-style='moderate' data-horizontal-alignment='center' data-vertical-alignment='' data-emphasis-area='100' data-content-area-width='50' data-balance-emphasis='0' data-balance-focal-point='content' data-layout-preset='stable' data-style='default' data-accent-color='primary' data-template-inserted='' data-style-preset='the-cloud-atlas' data-size-contrast='0' data-position-shift='0' data-elements-distance='20' data-placement-variation='25' data-image-rotation='0' data-image-resizing='cropped' data-object-position='50' data-emphasis-by-space='1' data-enable-overlapping='' data-layout-gutter='10' data-block-top-spacing='0' data-block-bottom-spacing='0' data-emphasis-top-spacing='1' data-emphasis-bottom-spacing='1' data-blobs-enable-mask='' data-blob-sides='3' data-blob-pattern-seed='3' data-blob-complexity='0' data-blob-smoothness='33' data-blob-rotation='0' data-blobs-enable-decoration='' data-blob-mask-sides='3' data-blob-mask-pattern-seed='3' data-blob-mask-complexity='0' data-blob-mask-smoothness='33' data-blob-mask-rotation='0' data-blobs-size-balance='50' data-blobs-horizontal-displacement='50' data-blobs-vertical-displacement='50'><div class=\"novablocks-advanced-gallery__grid\"><div class=\"novablocks-advanced-gallery__grid-item\"><div class=\"novablocks-advanced-gallery__grid-item-media\"><img decoding=\"async\" class=\"novablocks-advanced-gallery__image\" src=\"https:\/\/www.copacabana.re\/wp\/wp-content\/uploads\/edd65301-69e8-4042-8743-b71999f7d0a7.jpg\" \/><\/div><\/div><\/div><\/div>\t\t                    <\/div>\n\t\t                <\/div>\n\t\t            <\/div>\n\t            <\/div>\n            <\/div>\n        <\/div>\n\n\t\t\n\n\n<p class=\"is-style-lead\"><\/p>\n","protected":false},"excerpt":{"rendered":"<p>Notre restaurant vous accueille tous les jours \u00e0 l&rsquo;exception du mercredi. En salle, en terrasse ou sur la plage, pour vos petits-d\u00e9jeuners, vos brunchs, vos [&hellip;]<\/p>\n","protected":false},"author":1,"featured_media":0,"parent":0,"menu_order":0,"comment_status":"closed","ping_status":"closed","template":"","meta":{"novablocks_hero_scroll_indicator":false,"novablocks_hero_position_indicators":false,"footnotes":""},"yoast_head":"<!-- This site is optimized with the Yoast SEO plugin v16.4 - https:\/\/yoast.com\/wordpress\/plugins\/seo\/ -->\n<title>Reservations - CopaCabana<\/title>\n<meta name=\"description\" content=\"R\u00e9servez votre table et votre transat au Copacabana, restaurant sur la plage de la Saline les bas, \u00e0 la R\u00e9union.\" \/>\n<meta name=\"robots\" content=\"index, follow, max-snippet:-1, max-image-preview:large, max-video-preview:-1\" \/>\n<link rel=\"canonical\" href=\"https:\/\/www.copacabana.re\/fr\/reservations\/\" \/>\n<meta property=\"og:locale\" content=\"fr_FR\" \/>\n<meta property=\"og:type\" content=\"article\" \/>\n<meta property=\"og:title\" content=\"Reservations - CopaCabana\" \/>\n<meta property=\"og:description\" content=\"R\u00e9servez votre table et votre transat au Copacabana, restaurant sur la plage de la Saline les bas, \u00e0 la R\u00e9union.\" \/>\n<meta property=\"og:url\" content=\"https:\/\/www.copacabana.re\/fr\/reservations\/\" \/>\n<meta property=\"og:site_name\" content=\"CopaCabana\" \/>\n<meta property=\"article:publisher\" content=\"https:\/\/www.facebook.com\/search\/top?q=copacabana\" \/>\n<meta property=\"article:modified_time\" content=\"2022-01-15T15:04:23+00:00\" \/>\n<meta property=\"og:image\" content=\"http:\/\/www.copacabana.re\/wp\/wp-content\/uploads\/copacabana-transats2.jpg\" \/>\n<meta name=\"twitter:card\" content=\"summary_large_image\" \/>\n<meta name=\"twitter:label1\" content=\"Dur\u00e9e de lecture est.\" \/>\n\t<meta name=\"twitter:data1\" content=\"2 minutes\" \/>\n<script type=\"application\/ld+json\" class=\"yoast-schema-graph\">{\"@context\":\"https:\/\/schema.org\",\"@graph\":[{\"@type\":\"Organization\",\"@id\":\"https:\/\/www.copacabana.re\/#organization\",\"name\":\"Copacabana\",\"url\":\"https:\/\/www.copacabana.re\/\",\"sameAs\":[\"https:\/\/www.facebook.com\/search\/top?q=copacabana\",\"https:\/\/www.instagram.com\/copacabana_plage\"],\"logo\":{\"@type\":\"ImageObject\",\"@id\":\"https:\/\/www.copacabana.re\/#logo\",\"inLanguage\":\"fr-FR\",\"url\":\"http:\/\/www.copacabana.re\/wp\/wp-content\/uploads\/edd65301-69e8-4042-8743-b71999f7d0a7-1.jpg\",\"contentUrl\":\"http:\/\/www.copacabana.re\/wp\/wp-content\/uploads\/edd65301-69e8-4042-8743-b71999f7d0a7-1.jpg\",\"width\":768,\"height\":1024,\"caption\":\"Copacabana\"},\"image\":{\"@id\":\"https:\/\/www.copacabana.re\/#logo\"}},{\"@type\":\"WebSite\",\"@id\":\"https:\/\/www.copacabana.re\/#website\",\"url\":\"https:\/\/www.copacabana.re\/\",\"name\":\"CopaCabana\",\"description\":\"Restaurant - Plage\",\"publisher\":{\"@id\":\"https:\/\/www.copacabana.re\/#organization\"},\"potentialAction\":[{\"@type\":\"SearchAction\",\"target\":\"https:\/\/www.copacabana.re\/?s={search_term_string}\",\"query-input\":\"required name=search_term_string\"}],\"inLanguage\":\"fr-FR\"},{\"@type\":\"ImageObject\",\"@id\":\"https:\/\/www.copacabana.re\/reservations\/#primaryimage\",\"inLanguage\":\"fr-FR\",\"url\":\"http:\/\/www.copacabana.re\/wp\/wp-content\/uploads\/copacabana-transats2.jpg\",\"contentUrl\":\"http:\/\/www.copacabana.re\/wp\/wp-content\/uploads\/copacabana-transats2.jpg\"},{\"@type\":[\"WebPage\",\"CheckoutPage\"],\"@id\":\"https:\/\/www.copacabana.re\/reservations\/#webpage\",\"url\":\"https:\/\/www.copacabana.re\/reservations\/\",\"name\":\"Reservations - CopaCabana\",\"isPartOf\":{\"@id\":\"https:\/\/www.copacabana.re\/#website\"},\"primaryImageOfPage\":{\"@id\":\"https:\/\/www.copacabana.re\/reservations\/#primaryimage\"},\"datePublished\":\"2021-05-30T10:07:17+00:00\",\"dateModified\":\"2022-01-15T15:04:23+00:00\",\"description\":\"R\\u00e9servez votre table et votre transat au Copacabana, restaurant sur la plage de la Saline les bas, \\u00e0 la R\\u00e9union.\",\"breadcrumb\":{\"@id\":\"https:\/\/www.copacabana.re\/reservations\/#breadcrumb\"},\"inLanguage\":\"fr-FR\",\"potentialAction\":[{\"@type\":\"ReadAction\",\"target\":[\"https:\/\/www.copacabana.re\/reservations\/\"]}]},{\"@type\":\"BreadcrumbList\",\"@id\":\"https:\/\/www.copacabana.re\/reservations\/#breadcrumb\",\"itemListElement\":[{\"@type\":\"ListItem\",\"position\":1,\"item\":{\"@type\":\"WebPage\",\"@id\":\"https:\/\/www.copacabana.re\/\",\"url\":\"https:\/\/www.copacabana.re\/\",\"name\":\"Accueil\"}},{\"@type\":\"ListItem\",\"position\":2,\"item\":{\"@id\":\"https:\/\/www.copacabana.re\/reservations\/#webpage\"}}]}]}<\/script>\n<!-- \/ Yoast SEO plugin. -->","_links":{"self":[{"href":"https:\/\/www.copacabana.re\/fr\/wp-json\/wp\/v2\/pages\/37"}],"collection":[{"href":"https:\/\/www.copacabana.re\/fr\/wp-json\/wp\/v2\/pages"}],"about":[{"href":"https:\/\/www.copacabana.re\/fr\/wp-json\/wp\/v2\/types\/page"}],"author":[{"embeddable":true,"href":"https:\/\/www.copacabana.re\/fr\/wp-json\/wp\/v2\/users\/1"}],"replies":[{"embeddable":true,"href":"https:\/\/www.copacabana.re\/fr\/wp-json\/wp\/v2\/comments?post=37"}],"version-history":[{"count":29,"href":"https:\/\/www.copacabana.re\/fr\/wp-json\/wp\/v2\/pages\/37\/revisions"}],"predecessor-version":[{"id":2134,"href":"https:\/\/www.copacabana.re\/fr\/wp-json\/wp\/v2\/pages\/37\/revisions\/2134"}],"wp:attachment":[{"href":"https:\/\/www.copacabana.re\/fr\/wp-json\/wp\/v2\/media?parent=37"}],"curies":[{"name":"wp","href":"https:\/\/api.w.org\/{rel}","templated":true}]}}